{"id":14,"date":"2016-11-22T08:14:16","date_gmt":"2016-11-22T08:14:16","guid":{"rendered":"http:\/\/recycle.orionthemes.com\/demo-1\/?page_id=14"},"modified":"2022-06-10T11:08:48","modified_gmt":"2022-06-10T09:08:48","slug":"home","status":"publish","type":"page","link":"http:\/\/plasticom.com.pl\/","title":{"rendered":"Home"},"content":{"rendered":"<div id=\"pl-14\"  class=\"panel-layout\" ><div id=\"pg-14-0\"  class=\"panel-grid panel-has-style\" ><div class=\"siteorigin-panels-stretch tablet-default mobile-1-in-row panel-row-style panel-row-style-for-14-0\" style=\"background-position: center center; background-repeat: no-repeat; background-size:cover;\" data-stretch-type=\"full-stretched\" ><div id=\"pgc-14-0-0\"  class=\"panel-grid-cell\" ><div id=\"panel-14-0-0-0\" class=\"so-panel widget widget_orion_revslider_w panel-first-child panel-last-child\" data-index=\"0\" ><div class=\"orion mobile-text-center tablets-text-center default panel-widget-style panel-widget-style-for-14-0-0-0\" ><div class=\"so-widget-orion_revslider_w so-widget-orion_revslider_w-base\">\t\t\t\t\t\n\t\t\t\n\t\t\t<!-- START Recycle REVOLUTION SLIDER 6.5.18 --><p class=\"rs-p-wp-fix\"><\/p>\n\t\t\t<rs-module-wrap id=\"rev_slider_1_1_wrapper\" data-source=\"gallery\" style=\"visibility:hidden;background:transparent;padding:0;margin:0px auto;margin-top:0;margin-bottom:0;max-width:2400px;\">\n\t\t\t\t<rs-module id=\"rev_slider_1_1\" style=\"\" data-version=\"6.5.18\">\n\t\t\t\t\t<rs-slides>\n\t\t\t\t\t\t<rs-slide style=\"position: absolute;\" data-key=\"rs-1\" data-title=\"Slide\" data-in=\"o:0;col:400;\" data-out=\"a:false;\" data-mediafilter=\"willow\">\n\t\t\t\t\t\t\t<img loading=\"lazy\" decoding=\"async\" src=\"\/\/plasticom.com.pl\/wp-content\/plugins\/revslider\/public\/assets\/assets\/dummy.png\" alt=\"\" title=\"Polypropylene-Resins\" width=\"900\" height=\"374\" class=\"rev-slidebg tp-rs-img rs-lazyload\" data-lazyload=\"\/\/serwer1974375.home.pl\/autoinstalator\/wordpress\/wp-content\/uploads\/2022\/06\/Polypropylene-Resins.jpg\" data-no-retina>\n<!--\n\t\t\t\t\t\t\t--><rs-layer\n\t\t\t\t\t\t\t\tid=\"slider-1-slide-1-layer-0\" \n\t\t\t\t\t\t\t\tdata-type=\"text\"\n\t\t\t\t\t\t\t\tdata-xy=\"xo:226px,226px,226px,-183px;yo:319px,319px,120px,275px;\"\n\t\t\t\t\t\t\t\tdata-text=\"w:normal;l:30;fw:600;a:center;\"\n\t\t\t\t\t\t\t\tdata-dim=\"w:750px;\"\n\t\t\t\t\t\t\t\tdata-vbility=\"t,t,f,f\"\n\t\t\t\t\t\t\t\tdata-rsp_o=\"off\"\n\t\t\t\t\t\t\t\tdata-rsp_bd=\"off\"\n\t\t\t\t\t\t\t\tdata-frame_1=\"st:500;sp:2000;sR:500;\"\n\t\t\t\t\t\t\t\tdata-frame_999=\"o:0;st:w;sR:6500;\"\n\t\t\t\t\t\t\t\tstyle=\"z-index:9;font-family:'Source Sans Pro';\"\n\t\t\t\t\t\t\t> \n\t\t\t\t\t\t\t<\/rs-layer><!--\n\n\t\t\t\t\t\t\t--><rs-layer\n\t\t\t\t\t\t\t\tid=\"slider-1-slide-1-layer-1\" \n\t\t\t\t\t\t\t\tdata-type=\"text\"\n\t\t\t\t\t\t\t\tdata-color=\"#fff\"\n\t\t\t\t\t\t\t\tdata-tsh=\"c:rgba(12,12,12,0.25);h:3px,2px,1px,0px;\"\n\t\t\t\t\t\t\t\tdata-xy=\"xo:268px,196px,148px,18px;yo:233px,170px,129px,132px;\"\n\t\t\t\t\t\t\t\tdata-text=\"w:normal;s:44,32,24,24;l:49,35,26,16;fw:900;a:center;\"\n\t\t\t\t\t\t\t\tdata-dim=\"w:837px,612px,464px,385px;h:178px,130px,98px,60px;minh:0,none,none,none;\"\n\t\t\t\t\t\t\t\tdata-tst=\"c:rgba(0, 0, 0, 0.25);\"\n\t\t\t\t\t\t\t\tdata-rsp_o=\"off\"\n\t\t\t\t\t\t\t\tdata-rsp_bd=\"off\"\n\t\t\t\t\t\t\t\tdata-frame_1=\"st:500;sp:2000;sR:500;\"\n\t\t\t\t\t\t\t\tdata-frame_999=\"o:0;st:w;sR:6500;\"\n\t\t\t\t\t\t\t\tstyle=\"z-index:8;background-color:rgba(12,10,11,0);font-family:'Roboto';text-transform:uppercase;\"\n\t\t\t\t\t\t\t>ZAPRASZAMY DO WSP\u00d3\u0141PRACY! \n\t\t\t\t\t\t\t<\/rs-layer><!--\n\n\t\t\t\t\t\t\t--><rs-layer\n\t\t\t\t\t\t\t\tid=\"slider-1-slide-1-layer-2\" \n\t\t\t\t\t\t\t\tdata-type=\"text\"\n\t\t\t\t\t\t\t\tdata-rsp_ch=\"on\"\n\t\t\t\t\t\t\t\tdata-xy=\"xo:346px,253px,192px,50px;yo:281px,205px,155px,218px;\"\n\t\t\t\t\t\t\t\tdata-text=\"w:normal;s:20,14,10,15;l:25,18,13,8;\"\n\t\t\t\t\t\t\t\tdata-dim=\"w:718px,525px,398px,245px;h:auto,auto,auto,32px;\"\n\t\t\t\t\t\t\t\tdata-frame_1=\"x:171px,125px,94px,57px;y:4px,2px,1px,0px;e:power4.in;st:500;sp:2000;sR:500;\"\n\t\t\t\t\t\t\t\tdata-frame_999=\"o:0;st:w;sR:6500;\"\n\t\t\t\t\t\t\t\tstyle=\"z-index:10;font-family:'Roboto';\"\n\t\t\t\t\t\t\t>W Plasticom nie boimy si\u0119 wyzwa\u0144!  \n\t\t\t\t\t\t\t<\/rs-layer><!--\n-->\t\t\t\t\t\t<\/rs-slide>\n\t\t\t\t\t<\/rs-slides>\n\t\t\t\t<\/rs-module>\n\t\t\t\t<script>\n\t\t\t\t\tsetREVStartSize({c: 'rev_slider_1_1',rl:[1800,1024,778,480],el:[576,576,420,360],gw:[1400,1024,778,480],gh:[576,576,420,360],type:'standard',justify:'',layout:'fullwidth',mh:\"360px\"});if (window.RS_MODULES!==undefined && window.RS_MODULES.modules!==undefined && window.RS_MODULES.modules[\"revslider11\"]!==undefined) {window.RS_MODULES.modules[\"revslider11\"].once = false;window.revapi1 = undefined;if (window.RS_MODULES.checkMinimal!==undefined) window.RS_MODULES.checkMinimal()}\n\t\t\t\t<\/script>\n\t\t\t<\/rs-module-wrap>\n\t\t\t<!-- END REVOLUTION SLIDER -->\n\t\t\t<\/div><\/div><\/div><\/div><\/div><\/div><div id=\"pg-14-1\"  class=\"panel-grid panel-has-style\" ><div class=\"tablet-1-in-row mobile-1-in-row desktop-default full-width-on-small-devices full-width-on-tablets push-up-60 panel-row-style panel-row-style-for-14-1\" ><div id=\"pgc-14-1-0\"  class=\"panel-grid-cell\" ><div class=\"primary-color-bg panel-cell-style panel-cell-style-for-14-1-0\" ><div id=\"panel-14-1-0-0\" class=\"so-panel widget widget_sow-editor panel-first-child panel-last-child\" data-index=\"1\" ><div class=\"orion mobile-text-center text-light panel-widget-style panel-widget-style-for-14-1-0-0\" ><div class=\"so-widget-sow-editor so-widget-sow-editor-base\">\n<div class=\"siteorigin-widget-tinymce textwidget\">\n\t<h4><strong>WTRYSKARKI\u00a0<\/strong><\/h4>\n<p>Nadaj kszta\u0142t swoim potrzebom. Do\u015bwiadczony i wyszkolony personel naszej firmy jest gotowy na przyj\u0119cie nowych projekt\u00f3w, oraz realizacj\u0119 produkcji z najwy\u017csz\u0105 precyzj\u0105.<\/p>\n<\/div>\n<\/div><\/div><\/div><\/div><\/div><div id=\"pgc-14-1-1\"  class=\"panel-grid-cell\" ><div class=\"panel-cell-style panel-cell-style-for-14-1-1\" ><div id=\"panel-14-1-1-0\" class=\"so-panel widget widget_sow-editor panel-first-child panel-last-child\" data-index=\"2\" ><div class=\"orion mobile-text-center default panel-widget-style panel-widget-style-for-14-1-1-0\" ><div class=\"so-widget-sow-editor so-widget-sow-editor-base\">\n<div class=\"siteorigin-widget-tinymce textwidget\">\n\t<h5><strong><span class=\"primary-color\">MONTA\u017b<\/span><\/strong><\/h5>\n<p>Nasze mo\u017cliwo\u015bci nie ko\u0144cz\u0105 si\u0119 na wykonywaniu zleconej przez klienta produkcji, jeste\u015bmy tak\u017ce gotowi przyj\u0105\u0107 zlecenia monta\u017cy z gotowych element\u00f3w dostarczonych przez klienta, jak r\u00f3wnie\u017c wyprodukowanych w naszej firmie.<\/p>\n<\/div>\n<\/div><\/div><\/div><\/div><\/div><\/div><\/div><div id=\"pg-14-2\"  class=\"panel-grid panel-has-style\" ><div class=\"tablet-1-in-row mobile-1-in-row desktop-default panel-row-style panel-row-style-for-14-2\" ><div id=\"pgc-14-2-0\"  class=\"panel-grid-cell\" ><div id=\"panel-14-2-0-0\" class=\"so-panel widget widget_orion_heading_w panel-first-child\" data-index=\"3\" ><div class=\"orion mobile-text-center tablets-text-center default panel-widget-style panel-widget-style-for-14-2-0-0\" ><div class=\"so-widget-orion_heading_w so-widget-orion_heading_w-base\">\n\t\n\t\t\n\t<div class=\"row orion-heading\" style=\"margin-bottom:0px;\">\n\t\t<div class=\"col-md-12   text-center style-h2 style-text-dark\">\n\t\t\t<h2 class=\"text-dark\">\n\t\t\t\tWitamy w PLASTICOM\t\t\t<\/h2>\n\t\t<\/div>\n\t<\/div>\n\n\t<\/div><\/div><\/div><div id=\"panel-14-2-0-1\" class=\"so-panel widget widget_sow-editor\" data-index=\"4\" ><div class=\"orion remove-padding-mobile default panel-widget-style panel-widget-style-for-14-2-0-1\" ><div class=\"so-widget-sow-editor so-widget-sow-editor-base\">\n<div class=\"siteorigin-widget-tinymce textwidget\">\n\t<h4 style=\"text-align: center;\">Aktualnie zwi\u0119kszamy<strong>\u00a0moce produkcyjne<\/strong>\u00a0i z przyjemno\u015bci\u0105 wycenimy dla Pa\u0144stwa us\u0142ug\u0119 wtrysku.<\/h4>\n<p>&nbsp;<\/p>\n<\/div>\n<\/div><\/div><\/div><div id=\"panel-14-2-0-2\" class=\"so-panel widget widget_orion_simple_gallery panel-last-child\" data-index=\"5\" ><div class=\"orion default panel-widget-style panel-widget-style-for-14-2-0-2\" ><div class=\"so-widget-orion_simple_gallery so-widget-orion_simple_gallery-base\"><div class=\"row orion-simple-gallery carousel top-nav\">\n\n\n\t<div class=\"wrapper type-arrows_top\">\t\n\t\t\t\t\t\n\t\t\t\t\t\t\t\t<div class=\"owl-nav style-1 top text-dark\">\n\t\t\t\t<a class=\"btn btn-sm btn-flat owlprev icon\" ><i class=\"orionicon orionicon-arrow_left\"><\/i><\/a>\n\t\t\t\t<a class=\"btn btn-sm btn-flat owlnext icon\" ><i class=\"orionicon orionicon-arrow_right\"><\/i><\/a>\n\t\t\t<\/div>\n\t\t\n\n\t\t<div class=\"owl-carousel owl-theme clearfix\" data-col=\"2\" data-autoplay=\"true\" data-autoplaytimeout=4534 data-dots=\"\">\n\n\t\t\t\t\t\t\t\t\n\t\t\t\t\t\t\t\t<div class=\"col-md-12\">\n\t\t\t\t<div class=\"image-w relative\">\n\n\t\t\t\t\t\t\t\t\t\t\t\t\n\t\t\t\t\t\t\t\t\t\t\t\t\t<div class=\" overlay-greyscale overlay-hover-greyscale scale-zoomin\">\n\t\t\t\t\t\t\t\t\t\t\t\t\n\t\t\t\t\t\t\t\t\t\t\t\t\t<img loading=\"lazy\" decoding=\"async\" width=\"750\" height=\"500\" src=\"http:\/\/plasticom.com.pl\/wp-content\/uploads\/2022\/04\/IMG20220303112208-750x500.jpg\" class=\"attachment-orion_carousel size-orion_carousel\" alt=\"\" \/>\t\t\t\t\t\t\t<div class=\"overlay\"><\/div>\n\t\t\t\t\t\t\n\t\t\t\t\t\t\t\t\t\t\t\t\t<\/div>\n\t\t\t\t\t\t\t\n\t\t\t\t\t\n\t\t\t\t\t<div class=\"absolute\">\n\t\t\t\t\t\t\n\t\t\t\t\t<\/div>\t\t\t\t\t\n\t\t\t\t<\/div>\n\t\t\t<\/div>\n\t\t\t\t\t\t\t\t<div class=\"col-md-12\">\n\t\t\t\t<div class=\"image-w relative\">\n\n\t\t\t\t\t\t\t\t\t\t\t\t\n\t\t\t\t\t\t\t\t\t\t\t\t\t<div class=\" overlay-greyscale overlay-hover-greyscale scale-zoomin\">\n\t\t\t\t\t\t\t\t\t\t\t\t\n\t\t\t\t\t\t\t\t\t\t\t\t\t<img loading=\"lazy\" decoding=\"async\" width=\"750\" height=\"500\" src=\"http:\/\/plasticom.com.pl\/wp-content\/uploads\/2022\/04\/IMG20220303111952-750x500.jpg\" class=\"attachment-orion_carousel size-orion_carousel\" alt=\"\" \/>\t\t\t\t\t\t\t<div class=\"overlay\"><\/div>\n\t\t\t\t\t\t\n\t\t\t\t\t\t\t\t\t\t\t\t\t<\/div>\n\t\t\t\t\t\t\t\n\t\t\t\t\t\n\t\t\t\t\t<div class=\"absolute\">\n\t\t\t\t\t\t\n\t\t\t\t\t<\/div>\t\t\t\t\t\n\t\t\t\t<\/div>\n\t\t\t<\/div>\n\t\t\t\t\t\t\t\t<div class=\"col-md-12\">\n\t\t\t\t<div class=\"image-w relative\">\n\n\t\t\t\t\t\t\t\t\t\t\t\t\n\t\t\t\t\t\t\t\t\t\t\t\t\t<div class=\" overlay-greyscale overlay-hover-greyscale scale-zoomin\">\n\t\t\t\t\t\t\t\t\t\t\t\t\n\t\t\t\t\t\t\t\t\t\t\t\t\t<img loading=\"lazy\" decoding=\"async\" width=\"750\" height=\"500\" src=\"http:\/\/plasticom.com.pl\/wp-content\/uploads\/2022\/03\/IMG20220303112412-750x500.jpg\" class=\"attachment-orion_carousel size-orion_carousel\" alt=\"\" \/>\t\t\t\t\t\t\t<div class=\"overlay\"><\/div>\n\t\t\t\t\t\t\n\t\t\t\t\t\t\t\t\t\t\t\t\t<\/div>\n\t\t\t\t\t\t\t\n\t\t\t\t\t\n\t\t\t\t\t<div class=\"absolute\">\n\t\t\t\t\t\t\n\t\t\t\t\t<\/div>\t\t\t\t\t\n\t\t\t\t<\/div>\n\t\t\t<\/div>\n\t\t\t\t\t\t\t\t<div class=\"col-md-12\">\n\t\t\t\t<div class=\"image-w relative\">\n\n\t\t\t\t\t\t\t\t\t\t\t\t\n\t\t\t\t\t\t\t\t\t\t\t\t\t<div class=\" overlay-greyscale overlay-hover-greyscale scale-zoomin\">\n\t\t\t\t\t\t\t\t\t\t\t\t\n\t\t\t\t\t\t\t\t\t\t\t\t\t<img loading=\"lazy\" decoding=\"async\" width=\"750\" height=\"500\" src=\"http:\/\/plasticom.com.pl\/wp-content\/uploads\/2022\/03\/IMG20220303112506-750x500.jpg\" class=\"attachment-orion_carousel size-orion_carousel\" alt=\"\" \/>\t\t\t\t\t\t\t<div class=\"overlay\"><\/div>\n\t\t\t\t\t\t\n\t\t\t\t\t\t\t\t\t\t\t\t\t<\/div>\n\t\t\t\t\t\t\t\n\t\t\t\t\t\n\t\t\t\t\t<div class=\"absolute\">\n\t\t\t\t\t\t\n\t\t\t\t\t<\/div>\t\t\t\t\t\n\t\t\t\t<\/div>\n\t\t\t<\/div>\n\t\t\t\t\n\t\t\t\t\t<\/div>\n\t\t\t\t\t\t\t\n\t\t\t\t\t\t\t\n\n\t\t\n\t<\/div>\n<\/div><\/div><\/div><\/div><\/div><\/div><\/div><div id=\"pg-14-3\"  class=\"panel-grid panel-has-style\" ><div class=\"siteorigin-panels-stretch orion-separator top-svg-4 top-svg-inside tablet-default mobile-1-in-row desktop-default panel-row-style panel-row-style-for-14-3\" data-stretch-type=\"full\" ><div id=\"pgc-14-3-0\"  class=\"panel-grid-cell\" ><div id=\"panel-14-3-0-0\" class=\"so-panel widget widget_orion_icon_text_w panel-first-child panel-last-child\" data-index=\"6\" ><div class=\"orion mobile-text-center default panel-widget-style panel-widget-style-for-14-3-0-0\" ><div class=\"so-widget-orion_icon_text_w so-widget-orion_icon_text_w-base\">\n<div class=\"row icon-box-items-wrap grid icon-top\">\n \n\t\n\t\t\n\t\t\n\t\t\t\t\n\t\t\n\t\t<div class=\"icon-box-wrap clearfix col-lg-4 col-md-4 col-sm-6 text-center \" style=\"margin-bottom:36px;\">\t\t\n\n\t\t\t\t\t\t\t\t\t\t<a href=\"#\"  class=\"icon-wrap relative text-center simple\">\n\t\t\t\t\t<span class=\"sow-icon-environmental\" data-sow-icon=\"&#xe900;\"\n\t\tstyle=\"color: #4c4c4c\" ><\/span>\t\t\t\t\t\t\t\t\t<\/a>\n\t\t\t\n\t\t\t<a href=\"#\"><h5 class=\"item-title\">Sk\u0142adowanie odpad\u00f3w produkcyjnych<\/h5><\/a>\t\t\t\n\n\t\t\t<span class=\"description\"><\/span>\n\n\t\t<\/div>\n\t\n\t\t\n\t\t\n\t\t\t\t\n\t\t\n\t\t<div class=\"icon-box-wrap clearfix col-lg-4 col-md-4 col-sm-6 text-center \" style=\"margin-bottom:36px;\">\t\t\n\n\t\t\t\t\t\t\t\t\t\t<a href=\"#\"  class=\"icon-wrap relative text-center simple\">\n\t\t\t\t\t<span class=\"sow-icon-environmental\" data-sow-icon=\"&#xe910;\"\n\t\tstyle=\"color: #4c4c4c\" ><\/span>\t\t\t\t\t\t\t\t\t<\/a>\n\t\t\t\n\t\t\t<a href=\"#\"><h5 class=\"item-title\">Zawracanie odpad\u00f3w produkcyjnych<\/h5><\/a>\t\t\t\n\n\t\t\t<span class=\"description\"><\/span>\n\n\t\t<\/div>\n\t\n\t\t\n\t\t\n\t\t\t\t\n\t\t\n\t\t<div class=\"icon-box-wrap clearfix col-lg-4 col-md-4 col-sm-6 text-center \" style=\"margin-bottom:36px;\">\t\t\n\n\t\t\t\t\t\t\t\t\t\t<a href=\"#\"  class=\"icon-wrap relative text-center simple\">\n\t\t\t\t\t<span class=\"sow-icon-ionicons\" data-sow-icon=\"&#xf276;\"\n\t\tstyle=\"color: #4c4c4c\" ><\/span>\t\t\t\t\t\t\t\t\t<\/a>\n\t\t\t\n\t\t\t<a href=\"#\"><h5 class=\"item-title\">Dbanie o \u015arodowisko<\/h5><\/a>\t\t\t\n\n\t\t\t<span class=\"description\"><\/span>\n\n\t\t<\/div>\n\t\n<\/div><\/div><\/div><\/div><\/div><\/div><\/div><div id=\"pg-14-4\"  class=\"panel-grid panel-has-style\" ><div class=\"orion-collapse-right-top siteorigin-panels-stretch orion-separator top-svg-4 top-svg-outside tablet-1-in-row mobile-1-in-row desktop-default full-width-on-small-devices panel-row-style panel-row-style-for-14-4\" style=\"background-position: center center; background-repeat: no-repeat; background-size:cover;\" id=\"contact-us\" data-stretch-type=\"full\" data-svg-top-color=\"#ffffff\" ><div id=\"pgc-14-4-0\"  class=\"panel-grid-cell\" ><div class=\"panel-cell-style panel-cell-style-for-14-4-0\" ><div id=\"panel-14-4-0-0\" class=\"so-panel widget widget_orion_heading_w panel-first-child\" data-index=\"7\" ><div class=\"orion default panel-widget-style panel-widget-style-for-14-4-0-0\" ><div class=\"so-widget-orion_heading_w so-widget-orion_heading_w-base\">\n\t\n\t\t\n\t<div class=\"row orion-heading\" style=\"margin-bottom:0px;\">\n\t\t<div class=\"col-md-12  separator-style-1 text-left style-h3 style-primary-color\">\n\t\t\t<h3 class=\"primary-color\">\n\t\t\t\tNAPISZ DO NAS:\t\t\t<\/h3>\n\t\t<\/div>\n\t<\/div>\n\n\t<\/div><\/div><\/div><div id=\"panel-14-4-0-1\" class=\"so-panel widget widget_orion_cf7_w panel-last-child\" data-index=\"8\" ><div class=\"orion mobile-text-center tablets-text-center default panel-widget-style panel-widget-style-for-14-4-0-1\" ><div class=\"so-widget-orion_cf7_w so-widget-orion_cf7_w-base\">\n\n<div role=\"form\" class=\"wpcf7\" id=\"wpcf7-f9-o1\" lang=\"en-US\" dir=\"ltr\">\n<div class=\"screen-reader-response\"><p role=\"status\" aria-live=\"polite\" aria-atomic=\"true\"><\/p> <ul><\/ul><\/div>\n<form action=\"\/index.php\/wp-json\/wp\/v2\/pages\/14#wpcf7-f9-o1\" method=\"post\" class=\"wpcf7-form init\" novalidate=\"novalidate\" data-status=\"init\">\n<div style=\"display: none;\">\n<input type=\"hidden\" name=\"_wpcf7\" value=\"9\" \/>\n<input type=\"hidden\" name=\"_wpcf7_version\" value=\"5.5.6\" \/>\n<input type=\"hidden\" name=\"_wpcf7_locale\" value=\"en_US\" \/>\n<input type=\"hidden\" name=\"_wpcf7_unit_tag\" value=\"wpcf7-f9-o1\" \/>\n<input type=\"hidden\" name=\"_wpcf7_container_post\" value=\"0\" \/>\n<input type=\"hidden\" name=\"_wpcf7_posted_data_hash\" value=\"\" \/>\n<\/div>\n<div class=\"cf7-form row\">\n<div class=\"col-md-6 name\"><span class=\"wpcf7-form-control-wrap text-name\"><input type=\"text\" name=\"text-name\" value=\"\" size=\"40\" class=\"wpcf7-form-control wpcf7-text wpcf7-validates-as-required\" aria-required=\"true\" aria-invalid=\"false\" placeholder=\"Imi\u0119 i nazwisko\" \/><\/span><\/div>\n<div class=\"col-md-6 company\"><span class=\"wpcf7-form-control-wrap text-company\"><input type=\"text\" name=\"text-company\" value=\"\" size=\"40\" class=\"wpcf7-form-control wpcf7-text\" aria-invalid=\"false\" placeholder=\"Firma\" \/><\/span><\/div>\n<div class=\"col-md-6 email\"><span class=\"wpcf7-form-control-wrap email-777\"><input type=\"email\" name=\"email-777\" value=\"\" size=\"40\" class=\"wpcf7-form-control wpcf7-text wpcf7-email wpcf7-validates-as-required wpcf7-validates-as-email\" aria-required=\"true\" aria-invalid=\"false\" placeholder=\"Adres e-mail\" \/><\/span><\/div>\n<div class=\"col-md-6 phone\"><span class=\"wpcf7-form-control-wrap text-phone\"><input type=\"text\" name=\"text-phone\" value=\"\" size=\"40\" class=\"wpcf7-form-control wpcf7-text wpcf7-validates-as-required\" aria-required=\"true\" aria-invalid=\"false\" placeholder=\"Numer telefonu\" \/><\/span><\/div>\n<div class=\"col-md-12\"><span class=\"wpcf7-form-control-wrap textarea-notes\"><textarea name=\"textarea-notes\" cols=\"40\" rows=\"10\" class=\"wpcf7-form-control wpcf7-textarea\" aria-invalid=\"false\" placeholder=\"W czym mo\u017cemy pom\u00f3c?\"><\/textarea><\/span><\/div>\n<div class=\"col-md-12\"><span class=\"wpcf7-form-control-wrap acceptance-129\"><span class=\"wpcf7-form-control wpcf7-acceptance\"><span class=\"wpcf7-list-item\"><label><input type=\"checkbox\" name=\"acceptance-129\" value=\"1\" aria-invalid=\"false\" \/><span class=\"wpcf7-list-item-label\">Wyra\u017cam zgod\u0119 na przetwarzenie danych osobowych zgodznie z ustaw\u0105 o ochornie danych osobowych w zwi\u0105zku z wys\u0142aniem zapytania prez formularz kontaktowy. Podanie danych jest dobrowolne, ale niezb\u0119dne do przetworzenia zapytania. Zosta\u0142em poinformowany, \u017ce przysz\u0142uguje mi prawo dost\u0119pu do swoich danych, mo\u017cliwo\u015bci ich poprawienia, \u017cadania zaprzestania ich przetwarzania. Administratorem danych osobowych jest Plasticom Ul. Wa\u0142brzyska 38 Hala D 58-160 \u015awiebodzice.<\/span><\/label><\/span><\/span><\/span><\/div>\n<div class=\"col-md-3\">\n<br><br \/>\n<input type=\"submit\" value=\"Wy\u015blij\" class=\"wpcf7-form-control has-spinner wpcf7-submit\" \/>\n<\/div>\n<div class=\"wpcf7-response-output\" aria-hidden=\"true\"><\/div><\/form><\/div><\/div><\/div><\/div><\/div><\/div><\/div><\/div><\/div>","protected":false},"excerpt":{"rendered":"<p>WTRYSKARKI\u00a0 Nadaj kszta\u0142t swoim potrzebom. Do\u015bwiadczony i wyszkolony personel naszej firmy jest gotowy na przyj\u0119cie nowych projekt\u00f3w, oraz realizacj\u0119 produkcji z najwy\u017csz\u0105 precyzj\u0105. MONTA\u017b Nasze mo\u017cliwo\u015bci nie ko\u0144cz\u0105 si\u0119 na wykonywaniu zleconej przez klienta produkcji, jeste\u015bmy tak\u017ce gotowi przyj\u0105\u0107 zlecenia monta\u017cy z gotowych element\u00f3w dostarczonych przez klienta, jak r\u00f3wnie\u017c wyprodukowanych w naszej firmie.<\/p>\n","protected":false},"author":1,"featured_media":0,"parent":0,"menu_order":0,"comment_status":"closed","ping_status":"closed","template":"","meta":{"footnotes":""},"class_list":["post-14","page","type-page","status-publish","hentry"],"_links":{"self":[{"href":"http:\/\/plasticom.com.pl\/index.php\/wp-json\/wp\/v2\/pages\/14","targetHints":{"allow":["GET"]}}],"collection":[{"href":"http:\/\/plasticom.com.pl\/index.php\/wp-json\/wp\/v2\/pages"}],"about":[{"href":"http:\/\/plasticom.com.pl\/index.php\/wp-json\/wp\/v2\/types\/page"}],"author":[{"embeddable":true,"href":"http:\/\/plasticom.com.pl\/index.php\/wp-json\/wp\/v2\/users\/1"}],"replies":[{"embeddable":true,"href":"http:\/\/plasticom.com.pl\/index.php\/wp-json\/wp\/v2\/comments?post=14"}],"version-history":[{"count":112,"href":"http:\/\/plasticom.com.pl\/index.php\/wp-json\/wp\/v2\/pages\/14\/revisions"}],"predecessor-version":[{"id":1785,"href":"http:\/\/plasticom.com.pl\/index.php\/wp-json\/wp\/v2\/pages\/14\/revisions\/1785"}],"wp:attachment":[{"href":"http:\/\/plasticom.com.pl\/index.php\/wp-json\/wp\/v2\/media?parent=14"}],"curies":[{"name":"wp","href":"https:\/\/api.w.org\/{rel}","templated":true}]}}